{"id":988,"date":"2018-02-11T14:02:15","date_gmt":"2018-02-11T14:02:15","guid":{"rendered":"http:\/\/jsutromso.org\/?page_id=988"},"modified":"2021-03-19T12:42:24","modified_gmt":"2021-03-19T12:42:24","slug":"undervisningsprisen","status":"publish","type":"page","link":"https:\/\/jsutromso.org\/?page_id=988","title":{"rendered":"Undervisningsprisen"},"content":{"rendered":"<div id=\"pl-988\"  class=\"panel-layout\" ><div id=\"pg-988-0\"  class=\"panel-grid panel-has-style\" ><div style=\"padding: 100px 0; \" data-overlay=\"true\" data-overlay-color=\"#000000\" class=\"panel-row-style panel-row-style-for-988-0\" ><div id=\"pgc-988-0-0\"  class=\"panel-grid-cell\" ><div id=\"panel-988-0-0-0\" class=\"so-panel widget widget_sow-editor panel-first-child panel-last-child\" data-index=\"0\" ><div style=\"text-align: left;\" data-title-color=\"#47425d\" data-headings-color=\"#443f3f\" data-title_alignment=\"center\" class=\"panel-widget-style panel-widget-style-for-988-0-0-0\" ><div\n\t\t\t\n\t\t\tclass=\"so-widget-sow-editor so-widget-sow-editor-base\"\n\t\t\t\n\t\t>\n<div class=\"siteorigin-widget-tinymce textwidget\">\n\t<p>Hvert \u00e5r deler JSU ut undervisningsprisen. Form\u00e5let med undervisningsprisen er \u00e5 hedre de underviserne som gj\u00f8r en s\u00e6rdeles god jobb i undervisningssammenheng. Gjennom dette h\u00e5per vi \u00e5 motivere og inspirere de \u00f8vrige undervisere ved fakultetet til \u00e5 strekke seg enda lengere i undervisningen.<\/p>\n<p>Tradisjonelt ble den delt ut en gang i semesteret, men fra og med 2006 ble det avgjort at undervisningsprisen skal v\u00e6re en \u00e5rlig pris som deles ut p\u00e5 Isbj\u00f8rnballet. Etter 2008 er prisen inndelt i beste foreleser og beste seminarleder. Fra 2017 tildeles prisen beste foreleser, beste seminarleder og beste begynnerkollokvieleder.<\/p>\n<p>Avstemming for prisen gjennomf\u00f8res mot slutten av h\u00f8stsemesteret, hvor det er studentene som stemmer frem sine favoritter. Resultatene avgj\u00f8res p\u00e5 bakgrunn av en forholdsmessig utregning.<\/p>\n<p>Vinnere av undervisningsprisen:<br \/>\n<strong>2020<\/strong><br \/>\nBeste foreleser: Bj\u00f8rn L\u00f8tveit<br \/>\nBeste seminarleder: Bendik Midtkanal<br \/>\nBeste begynnerkollokvieleder: Silje Johansen Elvenes<\/p>\n<p><strong>2019<\/strong><br \/>\nBeste foreleser: Jon Petter Rui<br \/>\nBeste seminarleder: Kristian Wilhelmsen<br \/>\nBeste begynnerkollokvieleder: Bendik Midtkandal<\/p>\n<p><strong>2018<\/strong><br \/>\nBeste foreleser: Jon Petter Rui<br \/>\nBeste seminarleder: Marius Storvik<br \/>\nBeste begynnerkollokvieleder: Joachim Staff<\/p>\n<p><strong>2017<\/strong><br \/>\nBeste foreleser: Gunnar Eriksen<br \/>\nBeste seminarleder:\u00a0Tord Pedersen<br \/>\nBeste begynnerkollokvieleder:\u00a0Joachim Staff<\/p>\n<p><strong>2016<\/strong><br \/>\nBeste foreleser: Lena Bendiksen<br \/>\nBeste seminarleder: Marte Kolsum<\/p>\n<p><strong>2015<\/strong><br \/>\nBeste foreleser: Lena Bendiksen<br \/>\nBeste seminarleder: Marte Kolsum<\/p>\n<p><strong>2014<\/strong><br \/>\nBeste foreleser: Lena Bendiksen<\/p>\n<p><strong>2013<\/strong><br \/>\nBeste foreleser: F\u00f8rsteamanuensis Inge Unneberg<br \/>\nBeste seminarleder: Universitetslektor Jonas Hansen<\/p>\n<p><strong>2012<\/strong><br \/>\nBeste foreleser: Vidar Stensland<br \/>\nBeste seminarleder: Universitetslektor Eivind Elvestad<\/p>\n<p><strong>2011<\/strong><br \/>\nBeste foreleser: F\u00f8rsteamanuensis Inge Unneberg<br \/>\nBeste seminarleder: Universitetslektor Eivind Elvestad<\/p>\n<p><strong>2010<\/strong><br \/>\nBeste foreleser: Universitetslektor Kristin Solberg<br \/>\nBeste seminarleder: Universitetslektor Kristin Solberg<\/p>\n<p><strong>2008<\/strong><br \/>\nBeste foreleser: F\u00f8rsteamanuensis Inge Unneberg<br \/>\nBeste seminarleder: Universitetslektor Geir Ludvigsen<\/p>\n<p><strong>2007<\/strong><br \/>\nBeste underviser: F\u00f8rsteamanuensis Inge Unneberg<\/p>\n<p><strong>2006<\/strong><br \/>\nBeste underviser: Professor Johan Greger Aulstad<\/p>\n<\/div>\n<\/div><\/div><\/div><\/div><\/div><\/div><\/div>","protected":false},"excerpt":{"rendered":"<p>Hvert \u00e5r deler JSU ut undervisningsprisen. Form\u00e5let med undervisningsprisen er \u00e5 hedre de underviserne som gj\u00f8r en s\u00e6rdeles god jobb i undervisningssammenheng. Gjennom dette h\u00e5per vi \u00e5 motivere og inspirere de \u00f8vrige undervisere ved fakultetet til \u00e5 strekke seg enda lengere i undervisningen. Tradisjonelt ble den delt ut en gang i semesteret, men fra og [&hellip;]<\/p>\n","protected":false},"author":1,"featured_media":0,"parent":0,"menu_order":2400,"comment_status":"closed","ping_status":"closed","template":"","meta":{"_acf_changed":false,"footnotes":""},"class_list":["post-988","page","type-page","status-publish","hentry"],"acf":[],"_links":{"self":[{"href":"https:\/\/jsutromso.org\/index.php?rest_route=\/wp\/v2\/pages\/988","targetHints":{"allow":["GET"]}}],"collection":[{"href":"https:\/\/jsutromso.org\/index.php?rest_route=\/wp\/v2\/pages"}],"about":[{"href":"https:\/\/jsutromso.org\/index.php?rest_route=\/wp\/v2\/types\/page"}],"author":[{"embeddable":true,"href":"https:\/\/jsutromso.org\/index.php?rest_route=\/wp\/v2\/users\/1"}],"replies":[{"embeddable":true,"href":"https:\/\/jsutromso.org\/index.php?rest_route=%2Fwp%2Fv2%2Fcomments&post=988"}],"version-history":[{"count":9,"href":"https:\/\/jsutromso.org\/index.php?rest_route=\/wp\/v2\/pages\/988\/revisions"}],"predecessor-version":[{"id":1761,"href":"https:\/\/jsutromso.org\/index.php?rest_route=\/wp\/v2\/pages\/988\/revisions\/1761"}],"wp:attachment":[{"href":"https:\/\/jsutromso.org\/index.php?rest_route=%2Fwp%2Fv2%2Fmedia&parent=988"}],"curies":[{"name":"wp","href":"https:\/\/api.w.org\/{rel}","templated":true}]}}