{"id":986,"date":"2018-02-11T14:01:29","date_gmt":"2018-02-11T14:01:29","guid":{"rendered":"http:\/\/jsutromso.org\/?page_id=986"},"modified":"2025-08-28T07:58:07","modified_gmt":"2025-08-28T07:58:07","slug":"kontorplasser","status":"publish","type":"page","link":"https:\/\/jsutromso.org\/?page_id=986","title":{"rendered":"Kontorplasser"},"content":{"rendered":"<div id=\"pl-986\"  class=\"panel-layout\" ><div id=\"pg-986-0\"  class=\"panel-grid panel-has-style\" ><div style=\"padding: 100px 0; \" data-overlay=\"true\" data-overlay-color=\"#000000\" class=\"panel-row-style panel-row-style-for-986-0\" ><div id=\"pgc-986-0-0\"  class=\"panel-grid-cell\" ><div id=\"panel-986-0-0-0\" class=\"so-panel widget widget_sow-editor panel-first-child panel-last-child\" data-index=\"0\" ><div style=\"text-align: left;\" data-title-color=\"#47425d\" data-headings-color=\"#443f3f\" data-title_alignment=\"center\" class=\"panel-widget-style panel-widget-style-for-986-0-0-0\" ><div\n\t\t\t\n\t\t\tclass=\"so-widget-sow-editor so-widget-sow-editor-base\"\n\t\t\t\n\t\t>\n<div class=\"siteorigin-widget-tinymce textwidget\">\n\t<p>Studentene ved Det juridiske fakultet er s\u00e5 heldige \u00e5 ha tilgang til faste arbeidsplasser mot slutten av studiel\u00f8pet. Form\u00e5let med ordningen er \"\u00e5 gi gode lese- og skriveforhold for studenter som skriver masteroppgave\", jf. Reglement for faste arbeidsplasser for studenter ved det juridiske fakultet \u00a7 1.<\/p>\n<p>Juridisk Studentutvalg ved Kontorkaptein har ansvaret for ordningen. Dette inneb\u00e6rer blant annet \u00e5 administrere s\u00f8knadsprosessen, tildeling av faste arbeidsplasser, praktisere reglementet for arbeidsplassene, herunder p\u00e5se at dette overholdes av studentene. Det er ogs\u00e5 JSU som utarbeider og eventuelt oppdaterer regelverket.<\/p>\n<p>De faste arbeidsplassene er p\u00e5 Teorifagbygg hus 4 og 5.<\/p>\n<p>Reglementet for de faste arbeidsplasser finner du <a href=\"http:\/\/jsutromso.org\/wp-content\/uploads\/2023\/07\/Kontorreglement-9.-januar-2023-2.pdf\">her<\/a>.<\/p>\n<\/div>\n<\/div><\/div><\/div><\/div><\/div><\/div><\/div>","protected":false},"excerpt":{"rendered":"<p>Studentene ved Det juridiske fakultet er s\u00e5 heldige \u00e5 ha tilgang til faste arbeidsplasser mot slutten av studiel\u00f8pet. Form\u00e5let med ordningen er &laquo;\u00e5 gi gode lese- og skriveforhold for studenter som skriver masteroppgave&raquo;, jf. Reglement for faste arbeidsplasser for studenter ved det juridiske fakultet \u00a7 1. Juridisk Studentutvalg ved Kontorkaptein har ansvaret for ordningen. Dette [&hellip;]<\/p>\n","protected":false},"author":1,"featured_media":0,"parent":0,"menu_order":2500,"comment_status":"closed","ping_status":"closed","template":"","meta":{"_acf_changed":false,"footnotes":""},"class_list":["post-986","page","type-page","status-publish","hentry"],"acf":[],"_links":{"self":[{"href":"https:\/\/jsutromso.org\/index.php?rest_route=\/wp\/v2\/pages\/986","targetHints":{"allow":["GET"]}}],"collection":[{"href":"https:\/\/jsutromso.org\/index.php?rest_route=\/wp\/v2\/pages"}],"about":[{"href":"https:\/\/jsutromso.org\/index.php?rest_route=\/wp\/v2\/types\/page"}],"author":[{"embeddable":true,"href":"https:\/\/jsutromso.org\/index.php?rest_route=\/wp\/v2\/users\/1"}],"replies":[{"embeddable":true,"href":"https:\/\/jsutromso.org\/index.php?rest_route=%2Fwp%2Fv2%2Fcomments&post=986"}],"version-history":[{"count":12,"href":"https:\/\/jsutromso.org\/index.php?rest_route=\/wp\/v2\/pages\/986\/revisions"}],"predecessor-version":[{"id":2329,"href":"https:\/\/jsutromso.org\/index.php?rest_route=\/wp\/v2\/pages\/986\/revisions\/2329"}],"wp:attachment":[{"href":"https:\/\/jsutromso.org\/index.php?rest_route=%2Fwp%2Fv2%2Fmedia&parent=986"}],"curies":[{"name":"wp","href":"https:\/\/api.w.org\/{rel}","templated":true}]}}