{"id":961,"date":"2018-02-11T13:51:49","date_gmt":"2018-02-11T13:51:49","guid":{"rendered":"http:\/\/jsutromso.org\/?page_id=961"},"modified":"2018-03-04T21:15:45","modified_gmt":"2018-03-04T21:15:45","slug":"jusspust","status":"publish","type":"page","link":"https:\/\/jsutromso.org\/?page_id=961","title":{"rendered":"Jusspust"},"content":{"rendered":"<div id=\"pl-961\"  class=\"panel-layout\" ><div id=\"pg-961-0\"  class=\"panel-grid panel-has-style\" ><div style=\"padding: 100px 0; \" data-overlay=\"true\" data-overlay-color=\"#000000\" class=\"panel-row-style panel-row-style-for-961-0\" ><div id=\"pgc-961-0-0\"  class=\"panel-grid-cell\" ><div id=\"panel-961-0-0-0\" class=\"so-panel widget widget_sow-editor panel-first-child\" data-index=\"0\" ><div style=\"text-align: left;\" data-title-color=\"#47425d\" data-headings-color=\"#443f3f\" data-title_alignment=\"center\" class=\"panel-widget-style panel-widget-style-for-961-0-0-0\" ><div\n\t\t\t\n\t\t\tclass=\"so-widget-sow-editor so-widget-sow-editor-base\"\n\t\t\t\n\t\t>\n<div class=\"siteorigin-widget-tinymce textwidget\">\n\t<p>Jusspust er en kampanje mot karakterpress drevet i samarbeid mellom JSU Bergen, Oslo og Troms\u00f8.<\/p>\n<p>Form\u00e5let med kampanjen er \u00e5 formidle til studentene at det ikke bare er karakterene som er avgj\u00f8rende i en jobbs\u00f8kingsprosess, ogs\u00e5 andre egenskaper verdsettes av arbeidsgiver. Kampanjen skal oppmuntre studentene til \u00e5 ha et mer avslappet forhold til karakterene, hvilket vi tror vil f\u00f8re til en bedre studiehverdag og et st\u00f8rre l\u00e6ringsutbytte.<\/p>\n<p>En unders\u00f8kelse utf\u00f8rt av Juristforbundet i 2013 viser at store deler av studentene p\u00e5 jussen har et forhold til karakterer som f\u00e5r negativ konsekvens for konkurransekulturen ved fakultetene, og i ytterste konsekvens studentenes psykiske helse. Dette tror vi har en sammenheng med at studentene har et uriktig bilde av mulighetene i arbeidsmarkedet og hvilke krav som stilles til karakterer for \u00e5 f\u00e5 jobb etter endt studie.<\/p>\n<p>Gjennom kampanjen har vi v\u00e6rt i kontakt med en rekke jurister, fra b\u00e5de privat og offentlig sektor, og disse er alle enige om \u00e9n ting: Man m\u00e5 puste ut.<\/p>\n<p>For \u00e5 se intervjuene v\u00e5re, sjekk ut kampanjenes <a href=\"https:\/\/www.facebook.com\/Jusspust\/\">Facebookside<\/a>.<\/p>\n<\/div>\n<\/div><\/div><\/div><div id=\"panel-961-0-0-1\" class=\"so-panel widget widget_sow-image panel-last-child\" data-index=\"1\" ><div style=\"text-align: left;\" data-title-color=\"#47425d\" data-headings-color=\"#443f3f\" data-title_alignment=\"center\" class=\"panel-widget-style panel-widget-style-for-961-0-0-1\" ><div\n\t\t\t\n\t\t\tclass=\"so-widget-sow-image so-widget-sow-image-default-8b5b6f678277-961\"\n\t\t\t\n\t\t>\n<div class=\"sow-image-container\">\n\t\t<img \n\tsrc=\"https:\/\/jsutromso.org\/wp-content\/uploads\/2018\/03\/Jusspust.jpg\" width=\"2048\" height=\"1365\" srcset=\"https:\/\/jsutromso.org\/wp-content\/uploads\/2018\/03\/Jusspust.jpg 2048w, https:\/\/jsutromso.org\/wp-content\/uploads\/2018\/03\/Jusspust-300x200.jpg 300w, https:\/\/jsutromso.org\/wp-content\/uploads\/2018\/03\/Jusspust-768x512.jpg 768w, https:\/\/jsutromso.org\/wp-content\/uploads\/2018\/03\/Jusspust-1024x683.jpg 1024w, https:\/\/jsutromso.org\/wp-content\/uploads\/2018\/03\/Jusspust-830x553.jpg 830w, https:\/\/jsutromso.org\/wp-content\/uploads\/2018\/03\/Jusspust-230x153.jpg 230w, https:\/\/jsutromso.org\/wp-content\/uploads\/2018\/03\/Jusspust-350x233.jpg 350w, https:\/\/jsutromso.org\/wp-content\/uploads\/2018\/03\/Jusspust-480x320.jpg 480w, https:\/\/jsutromso.org\/wp-content\/uploads\/2018\/03\/Jusspust-272x182.jpg 272w\" sizes=\"(max-width: 2048px) 100vw, 2048px\" alt=\"\" \t\tclass=\"so-widget-image\"\/>\n\t<\/div>\n\n<\/div><\/div><\/div><\/div><\/div><\/div><div id=\"pg-961-1\"  class=\"panel-grid panel-has-style\" ><div style=\"padding: 100px 0; \" data-overlay=\"true\" data-overlay-color=\"#000000\" class=\"panel-row-style panel-row-style-for-961-1\" ><div id=\"pgc-961-1-0\"  class=\"panel-grid-cell panel-grid-cell-empty\" ><\/div><\/div><\/div><\/div>","protected":false},"excerpt":{"rendered":"<p>Jusspust er en kampanje mot karakterpress drevet i samarbeid mellom JSU Bergen, Oslo og Troms\u00f8. Form\u00e5let med kampanjen er \u00e5 formidle til studentene at det ikke bare er karakterene som er avgj\u00f8rende i en jobbs\u00f8kingsprosess, ogs\u00e5 andre egenskaper verdsettes av arbeidsgiver. Kampanjen skal oppmuntre studentene til \u00e5 ha et mer avslappet forhold til karakterene, hvilket [&hellip;]<\/p>\n","protected":false},"author":1,"featured_media":0,"parent":0,"menu_order":2300,"comment_status":"closed","ping_status":"closed","template":"","meta":{"_acf_changed":false,"footnotes":""},"class_list":["post-961","page","type-page","status-publish","hentry"],"acf":[],"_links":{"self":[{"href":"https:\/\/jsutromso.org\/index.php?rest_route=\/wp\/v2\/pages\/961","targetHints":{"allow":["GET"]}}],"collection":[{"href":"https:\/\/jsutromso.org\/index.php?rest_route=\/wp\/v2\/pages"}],"about":[{"href":"https:\/\/jsutromso.org\/index.php?rest_route=\/wp\/v2\/types\/page"}],"author":[{"embeddable":true,"href":"https:\/\/jsutromso.org\/index.php?rest_route=\/wp\/v2\/users\/1"}],"replies":[{"embeddable":true,"href":"https:\/\/jsutromso.org\/index.php?rest_route=%2Fwp%2Fv2%2Fcomments&post=961"}],"version-history":[{"count":8,"href":"https:\/\/jsutromso.org\/index.php?rest_route=\/wp\/v2\/pages\/961\/revisions"}],"predecessor-version":[{"id":1202,"href":"https:\/\/jsutromso.org\/index.php?rest_route=\/wp\/v2\/pages\/961\/revisions\/1202"}],"wp:attachment":[{"href":"https:\/\/jsutromso.org\/index.php?rest_route=%2Fwp%2Fv2%2Fmedia&parent=961"}],"curies":[{"name":"wp","href":"https:\/\/api.w.org\/{rel}","templated":true}]}}