{"id":959,"date":"2018-02-11T13:51:09","date_gmt":"2018-02-11T13:51:09","guid":{"rendered":"http:\/\/jsutromso.org\/?page_id=959"},"modified":"2022-09-28T11:11:48","modified_gmt":"2022-09-28T11:11:48","slug":"tillitsvalgsordningen","status":"publish","type":"page","link":"https:\/\/jsutromso.org\/?page_id=959","title":{"rendered":"Tillitsvalgsordningen"},"content":{"rendered":"<div id=\"pl-959\"  class=\"panel-layout\" ><div id=\"pg-959-0\"  class=\"panel-grid panel-has-style\" ><div style=\"padding: 100px 0; \" data-overlay=\"true\" data-overlay-color=\"#000000\" class=\"panel-row-style panel-row-style-for-959-0\" ><div id=\"pgc-959-0-0\"  class=\"panel-grid-cell\" ><div id=\"panel-959-0-0-0\" class=\"so-panel widget widget_sow-image panel-first-child\" data-index=\"0\" ><div style=\"text-align: left;\" data-title-color=\"#47425d\" data-headings-color=\"#443f3f\" data-title_alignment=\"center\" class=\"panel-widget-style panel-widget-style-for-959-0-0-0\" ><div\n\t\t\t\n\t\t\tclass=\"so-widget-sow-image so-widget-sow-image-default-8b5b6f678277-959\"\n\t\t\t\n\t\t>\n<div class=\"sow-image-container\">\n\t\t<img \n\tsrc=\"https:\/\/jsutromso.org\/wp-content\/uploads\/2022\/09\/Sommar\u00f8y-2022-scaled.jpeg\" width=\"2560\" height=\"1920\" srcset=\"https:\/\/jsutromso.org\/wp-content\/uploads\/2022\/09\/Sommar\u00f8y-2022-scaled.jpeg 2560w, https:\/\/jsutromso.org\/wp-content\/uploads\/2022\/09\/Sommar\u00f8y-2022-300x225.jpeg 300w, https:\/\/jsutromso.org\/wp-content\/uploads\/2022\/09\/Sommar\u00f8y-2022-1024x768.jpeg 1024w, https:\/\/jsutromso.org\/wp-content\/uploads\/2022\/09\/Sommar\u00f8y-2022-768x576.jpeg 768w, https:\/\/jsutromso.org\/wp-content\/uploads\/2022\/09\/Sommar\u00f8y-2022-1536x1152.jpeg 1536w, https:\/\/jsutromso.org\/wp-content\/uploads\/2022\/09\/Sommar\u00f8y-2022-2048x1536.jpeg 2048w, https:\/\/jsutromso.org\/wp-content\/uploads\/2022\/09\/Sommar\u00f8y-2022-830x623.jpeg 830w, https:\/\/jsutromso.org\/wp-content\/uploads\/2022\/09\/Sommar\u00f8y-2022-230x173.jpeg 230w, https:\/\/jsutromso.org\/wp-content\/uploads\/2022\/09\/Sommar\u00f8y-2022-350x263.jpeg 350w, https:\/\/jsutromso.org\/wp-content\/uploads\/2022\/09\/Sommar\u00f8y-2022-480x360.jpeg 480w\" sizes=\"(max-width: 2560px) 100vw, 2560px\" title=\"Sommar\u00f8y 2022\" alt=\"\" \t\tclass=\"so-widget-image\"\/>\n\t<\/div>\n\n<\/div><\/div><\/div><div id=\"panel-959-0-0-1\" class=\"so-panel widget widget_sow-editor panel-last-child\" data-index=\"1\" ><div style=\"text-align: left;\" data-title-color=\"#47425d\" data-headings-color=\"#443f3f\" data-title_alignment=\"center\" class=\"panel-widget-style panel-widget-style-for-959-0-0-1\" ><div\n\t\t\t\n\t\t\tclass=\"so-widget-sow-editor so-widget-sow-editor-base\"\n\t\t\t\n\t\t>\n<div class=\"siteorigin-widget-tinymce textwidget\">\n\t<p>I samarbeid med fakultetet \u00f8nsker JSU at studentene skal trives i studiehverdagen og ha best mulig l\u00e6ringsutbytte av undervisningen. For \u00e5 oppn\u00e5 dette har vi stort fokus p\u00e5 at ordningen med de tillitsvalgte skal fungere optimalt.<\/p>\n<p>I starten av hvert studie\u00e5r velges to tillitsvalgte p\u00e5 hver avdeling, samt \u00e9n tillitsvalgt p\u00e5 LLM-graden i havrett. Det er \u00f8nskelig at studentene som velges, s\u00e5 langt det er mulig, representerer forskjellige grupperinger innen avdelingen. Vi \u00f8nsker tillitsvalgte som er synlige for studentene i studiehverdagen og som deltar p\u00e5 undervisningen. Gjennom studie\u00e5ret er de tillitsvalgte bindeleddet mellom JSU og studentene p\u00e5 de ulike avdelingene.<\/p>\n<p>De tillitsvalgtes hovedoppgave er \u00e5 videreformidle studentenes tilbakemeldinger til fakultetet. En gang hvert semester avholdes et evalueringsm\u00f8te mellom de tillitsvalgte og avdelingsleder. Her gjennomg\u00e5s studentenes tilbakemeldinger til studieforhold og l\u00e6ringsmilj\u00f8 det siste semesteret. Det legges spesielt vekt p\u00e5 undervisere, undervisningsmateriell, administrering, studentaktivitet og liknende forhold. De tillitsvalgte mottar godtgj\u00f8relse for det dobbelte av det antall timer som g\u00e5r med til evalueringsm\u00f8tet.<\/p>\n<p>Hver h\u00f8st arrangeres det seminar for de tillitsvalgte og styret i JSU. Seminaret avholdes prim\u00e6rt for oppl\u00e6ring av de tillitsvalgte, samt for \u00e5 planlegge hvordan JSU i samarbeid med de tillitsvalgte kan ivareta studentenes interesser p\u00e5 best mulig m\u00e5te. Under seminaret er det ogs\u00e5 fokus p\u00e5 teambuilding for \u00e5 bedre samarbeidet mellom JSU og de tillitsvalgte.<\/p>\n<p>Det arrangeres hvert semester en felleslunsj for tillitsvalgte, fakultetsledelsen og avdelingslederne. Form\u00e5let med lunsjen er \u00e5 senke terskelen for at de tillitsvalgte kan ta kontakt med avdelingslederne. I tillegg til dette avholdes det en erfaringsutveksling p\u00e5 v\u00e5rsemesteret.<\/p>\n<p>Vil du v\u00e6re med p\u00e5 \u00e5 gj\u00f8re studiehverdagen for studentene p\u00e5 din avdeling bedre? Vil du knytte kontakter p\u00e5 tvers av avdelingene? Vil du krydre din CV med erfaring som tillitsvalgt? Still til valg i starten av neste h\u00f8stsemester!<\/p>\n<p>\u00a0<\/p>\n<p><a href=\"http:\/\/jsutromso.org\/?page_id=1219\">Retningslinjer for tillitsvalgte<\/a><\/p>\n<\/div>\n<\/div><\/div><\/div><\/div><\/div><\/div><\/div>","protected":false},"excerpt":{"rendered":"<p>I samarbeid med fakultetet \u00f8nsker JSU at studentene skal trives i studiehverdagen og ha best mulig l\u00e6ringsutbytte av undervisningen. For \u00e5 oppn\u00e5 dette har vi stort fokus p\u00e5 at ordningen med de tillitsvalgte skal fungere optimalt. I starten av hvert studie\u00e5r velges to tillitsvalgte p\u00e5 hver avdeling, samt \u00e9n tillitsvalgt p\u00e5 LLM-graden i havrett. Det [&hellip;]<\/p>\n","protected":false},"author":1,"featured_media":0,"parent":0,"menu_order":2100,"comment_status":"closed","ping_status":"closed","template":"","meta":{"_acf_changed":false,"footnotes":""},"class_list":["post-959","page","type-page","status-publish","hentry"],"acf":[],"_links":{"self":[{"href":"https:\/\/jsutromso.org\/index.php?rest_route=\/wp\/v2\/pages\/959","targetHints":{"allow":["GET"]}}],"collection":[{"href":"https:\/\/jsutromso.org\/index.php?rest_route=\/wp\/v2\/pages"}],"about":[{"href":"https:\/\/jsutromso.org\/index.php?rest_route=\/wp\/v2\/types\/page"}],"author":[{"embeddable":true,"href":"https:\/\/jsutromso.org\/index.php?rest_route=\/wp\/v2\/users\/1"}],"replies":[{"embeddable":true,"href":"https:\/\/jsutromso.org\/index.php?rest_route=%2Fwp%2Fv2%2Fcomments&post=959"}],"version-history":[{"count":12,"href":"https:\/\/jsutromso.org\/index.php?rest_route=\/wp\/v2\/pages\/959\/revisions"}],"predecessor-version":[{"id":1926,"href":"https:\/\/jsutromso.org\/index.php?rest_route=\/wp\/v2\/pages\/959\/revisions\/1926"}],"wp:attachment":[{"href":"https:\/\/jsutromso.org\/index.php?rest_route=%2Fwp%2Fv2%2Fmedia&parent=959"}],"curies":[{"name":"wp","href":"https:\/\/api.w.org\/{rel}","templated":true}]}}