{"id":945,"date":"2018-02-11T13:33:30","date_gmt":"2018-02-11T13:33:30","guid":{"rendered":"http:\/\/jsutromso.org\/?page_id=945"},"modified":"2025-10-01T09:47:16","modified_gmt":"2025-10-01T09:47:16","slug":"styret-i-jsu","status":"publish","type":"page","link":"https:\/\/jsutromso.org\/?page_id=945","title":{"rendered":"Styret i JSU"},"content":{"rendered":"\n<p>Styret i JSU skal best\u00e5 av syv faste styremedlemmer, inkludert styrets leder. Disse velges inn av allm\u00f8tet og sitter i styret ordin\u00e6rt for to semester av gangen,&nbsp;med mulighet for \u00e5 stille til gjenvalg. <span style=\"line-height: 1.5em;\">Det er \u00f8nskelig at styrets medlemmer gjenspeiler studentmassen som helhet med tanke p\u00e5 kj\u00f8nn og avdeling.&nbsp;<\/span><\/p>\n\n\n\n<p>Styrets arbeid er mangfoldig og m\u00e5 ses i sammenheng med det overordnede form\u00e5l til studentutvalget &#8211; \u00e5 bedre den faglige kvaliteten p\u00e5 studiet. Som styremedlem i JSU har hvert enkelt styremedlem en s\u00e6rskilt ansvarsoppgave i tillegg til ordin\u00e6rt styrearbeid. Arbeidsoppgaver med varig karakter skilles som regel ut i egne verv, mens arbeid med mindre grad av kontinuitet er ordin\u00e6rt styrearbeid som kommer i tillegget til vervet. Styrets medlemmer har taushetsplikt og mottar honorering fra fakultetet. Per 01.08.2025 honoreres styremedlemmene med kr 19 500 i semesteret og leder med kr 39 000.<\/p>\n\n\n\n<p><strong><em>Styret i Juridisk Studentutvalg Troms\u00f8 best\u00e5r fra 01.08.25 av:<\/em><\/strong><\/p>\n\n\n\n<p>Lise Robertsen &#8211; Styreleder <\/p>\n\n\n\n<p>\u00c5dne August Robertsen &#8211; Nestleder, kontorkaptein og 1. vara i Fakultetsstyret<\/p>\n\n\n\n<p>Marie Lieungh &#8211; \u00d8konomiansvarlig, ansvarlig for fagr\u00e5d og 1. vara i Studieutvalget<\/p>\n\n\n\n<p>Olav Emil Kj\u00e6rnli Kristiansen &#8211; Tillitsvalgtansvarlig, velferdsansvarlig og 2. vara i Fakultetsstyret<\/p>\n\n\n\n<p>H\u00e5rek Folkenborg &#8211; Jusspustansvarlig og internrepresentant i Fakultetsstyret<\/p>\n\n\n\n<p>Elise Stunner Flyum &#8211; Markedsf\u00f8ringsansvarlig, ansvarlig for undervisningsprisen og 2. vara i Studieutvalget<\/p>\n\n\n\n<p>Emil Johannes K\u00f6geler V\u00f6gele &#8211; Ansvarlig for fagkritisk rekke og internrepresentant i Studieutvalget<\/p>\n\n\n\n<div class=\"wp-block-columns is-layout-flex wp-container-core-columns-is-layout-9d6595d7 wp-block-columns-is-layout-flex\">\n<div class=\"wp-block-column is-layout-flow wp-block-column-is-layout-flow\"><\/div>\n\n\n\n<div class=\"wp-block-column is-layout-flow wp-block-column-is-layout-flow\"><\/div>\n<\/div>\n\n\n\n<div class=\"wp-block-columns is-layout-flex wp-container-core-columns-is-layout-9d6595d7 wp-block-columns-is-layout-flex\">\n<div class=\"wp-block-column is-layout-flow wp-block-column-is-layout-flow\"><\/div>\n\n\n\n<div class=\"wp-block-column is-layout-flow wp-block-column-is-layout-flow\"><\/div>\n<\/div>\n\n\n\n<div class=\"wp-block-columns is-layout-flex wp-container-core-columns-is-layout-9d6595d7 wp-block-columns-is-layout-flex\">\n<div class=\"wp-block-column is-layout-flow wp-block-column-is-layout-flow\"><\/div>\n\n\n\n<div class=\"wp-block-column is-layout-flow wp-block-column-is-layout-flow\"><\/div>\n<\/div>\n\n\n\n<div class=\"wp-block-columns is-layout-flex wp-container-core-columns-is-layout-9d6595d7 wp-block-columns-is-layout-flex\">\n<div class=\"wp-block-column is-layout-flow wp-block-column-is-layout-flow\"><\/div>\n\n\n\n<div class=\"wp-block-column is-layout-flow wp-block-column-is-layout-flow\"><\/div>\n<\/div>\n","protected":false},"excerpt":{"rendered":"<p>Styret i JSU skal best\u00e5 av syv faste styremedlemmer, inkludert styrets leder. Disse velges inn av allm\u00f8tet og sitter i styret ordin\u00e6rt for to semester av gangen,&nbsp;med mulighet for \u00e5 stille til gjenvalg. Det er \u00f8nskelig at styrets medlemmer gjenspeiler studentmassen som helhet med tanke p\u00e5 kj\u00f8nn og avdeling.&nbsp; Styrets arbeid er mangfoldig og m\u00e5 [&hellip;]<\/p>\n","protected":false},"author":1,"featured_media":0,"parent":0,"menu_order":1003,"comment_status":"closed","ping_status":"closed","template":"","meta":{"_acf_changed":false,"footnotes":""},"class_list":["post-945","page","type-page","status-publish","hentry"],"acf":[],"_links":{"self":[{"href":"https:\/\/jsutromso.org\/index.php?rest_route=\/wp\/v2\/pages\/945","targetHints":{"allow":["GET"]}}],"collection":[{"href":"https:\/\/jsutromso.org\/index.php?rest_route=\/wp\/v2\/pages"}],"about":[{"href":"https:\/\/jsutromso.org\/index.php?rest_route=\/wp\/v2\/types\/page"}],"author":[{"embeddable":true,"href":"https:\/\/jsutromso.org\/index.php?rest_route=\/wp\/v2\/users\/1"}],"replies":[{"embeddable":true,"href":"https:\/\/jsutromso.org\/index.php?rest_route=%2Fwp%2Fv2%2Fcomments&post=945"}],"version-history":[{"count":30,"href":"https:\/\/jsutromso.org\/index.php?rest_route=\/wp\/v2\/pages\/945\/revisions"}],"predecessor-version":[{"id":2341,"href":"https:\/\/jsutromso.org\/index.php?rest_route=\/wp\/v2\/pages\/945\/revisions\/2341"}],"wp:attachment":[{"href":"https:\/\/jsutromso.org\/index.php?rest_route=%2Fwp%2Fv2%2Fmedia&parent=945"}],"curies":[{"name":"wp","href":"https:\/\/api.w.org\/{rel}","templated":true}]}}