{"id":942,"date":"2018-02-11T13:13:16","date_gmt":"2018-02-11T13:13:16","guid":{"rendered":"http:\/\/jsutromso.org\/?page_id=942"},"modified":"2018-02-11T13:33:55","modified_gmt":"2018-02-11T13:33:55","slug":"om-oss","status":"publish","type":"page","link":"https:\/\/jsutromso.org\/?page_id=942","title":{"rendered":"Om oss"},"content":{"rendered":"<p>Juridisk studentutvalg Troms\u00f8 (JSU) har som oppgave \u00e5 ivareta interessene til studentene ved Det juridiske fakultet i Troms\u00f8. JSU er med dette bindeleddet mellom studentene og fakultetet.<\/p>\n<p>Vi arbeider for at det faglige innholdet i studiet holder et h\u00f8yt niv\u00e5 og for at studiehverdagen skal v\u00e6re best mulig for studentene. For \u00e5 oppn\u00e5 dette har vi jevnlig m\u00f8ter med fakultetsledelsen hvor vi tar opp aktuelle problemstillinger.<\/p>\n<p>JSU best\u00e5r av et styre med styreleder og seks styremedlemmer som alle er valgt inn av studentene ved allm\u00f8tet. Mellom allm\u00f8tene er styret det \u00f8verste politiske organ for studentene ved fakultetet. Styrets medlemmer har ulike arbeidsoppgaver gjennom sine verv.<\/p>\n<p>\u00d8nsker du \u00e5 gj\u00f8re en forskjell for studentene,\u00a0delta i utfordrende og spennende studentpolitikk,\u00a0samt f\u00e5 nyttig organisasjonserfaring? Vil du krydre din CV slik at du kan skille deg ut i mengden av arbeidss\u00f8kere? Still til valg p\u00e5 allm\u00f8tet!<\/p>\n","protected":false},"excerpt":{"rendered":"<p>Juridisk studentutvalg Troms\u00f8 (JSU) har som oppgave \u00e5 ivareta interessene til studentene ved Det juridiske fakultet i Troms\u00f8. JSU er med dette bindeleddet mellom studentene og fakultetet. Vi arbeider for at det faglige innholdet i studiet holder et h\u00f8yt niv\u00e5 og for at studiehverdagen skal v\u00e6re best mulig for studentene. For \u00e5 oppn\u00e5 dette har [&hellip;]<\/p>\n","protected":false},"author":1,"featured_media":0,"parent":0,"menu_order":1000,"comment_status":"closed","ping_status":"closed","template":"","meta":{"_acf_changed":false,"footnotes":""},"class_list":["post-942","page","type-page","status-publish","hentry"],"acf":[],"_links":{"self":[{"href":"https:\/\/jsutromso.org\/index.php?rest_route=\/wp\/v2\/pages\/942","targetHints":{"allow":["GET"]}}],"collection":[{"href":"https:\/\/jsutromso.org\/index.php?rest_route=\/wp\/v2\/pages"}],"about":[{"href":"https:\/\/jsutromso.org\/index.php?rest_route=\/wp\/v2\/types\/page"}],"author":[{"embeddable":true,"href":"https:\/\/jsutromso.org\/index.php?rest_route=\/wp\/v2\/users\/1"}],"replies":[{"embeddable":true,"href":"https:\/\/jsutromso.org\/index.php?rest_route=%2Fwp%2Fv2%2Fcomments&post=942"}],"version-history":[{"count":1,"href":"https:\/\/jsutromso.org\/index.php?rest_route=\/wp\/v2\/pages\/942\/revisions"}],"predecessor-version":[{"id":943,"href":"https:\/\/jsutromso.org\/index.php?rest_route=\/wp\/v2\/pages\/942\/revisions\/943"}],"wp:attachment":[{"href":"https:\/\/jsutromso.org\/index.php?rest_route=%2Fwp%2Fv2%2Fmedia&parent=942"}],"curies":[{"name":"wp","href":"https:\/\/api.w.org\/{rel}","templated":true}]}}