{"id":2270,"date":"2025-03-11T13:03:57","date_gmt":"2025-03-11T13:03:57","guid":{"rendered":"http:\/\/jsutromso.org\/?page_id=2270"},"modified":"2025-12-04T14:08:39","modified_gmt":"2025-12-04T14:08:39","slug":"allmotereferat","status":"publish","type":"page","link":"https:\/\/jsutromso.org\/?page_id=2270","title":{"rendered":"Allm\u00f8tereferat"},"content":{"rendered":"\n<p><a href=\"http:\/\/jsutromso.org\/wp-content\/uploads\/2025\/03\/Protokoll-allmote-var-2025.pdf\">Protokoll allm\u00f8te 11.03.2025<\/a><\/p>\n\n\n\n<p><a href=\"http:\/\/jsutromso.org\/wp-content\/uploads\/2025\/10\/Protokoll-allmote-21.10.2025.pdf\">Protokoll allm\u00f8te 21.10.2025<\/a><\/p>\n\n\n\n<p><a href=\"http:\/\/jsutromso.org\/wp-content\/uploads\/2025\/12\/Protokoll_20allm_C3_B8te.pdf\">Protokoll ekstraordin\u00e6rt allm\u00f8te 04.12.2025<\/a><\/p>\n","protected":false},"excerpt":{"rendered":"<p>Protokoll allm\u00f8te 11.03.2025 Protokoll allm\u00f8te 21.10.2025 Protokoll ekstraordin\u00e6rt allm\u00f8te 04.12.2025<\/p>\n","protected":false},"author":6,"featured_media":0,"parent":0,"menu_order":0,"comment_status":"closed","ping_status":"closed","template":"","meta":{"_acf_changed":false,"footnotes":""},"class_list":["post-2270","page","type-page","status-publish","hentry"],"acf":[],"_links":{"self":[{"href":"https:\/\/jsutromso.org\/index.php?rest_route=\/wp\/v2\/pages\/2270","targetHints":{"allow":["GET"]}}],"collection":[{"href":"https:\/\/jsutromso.org\/index.php?rest_route=\/wp\/v2\/pages"}],"about":[{"href":"https:\/\/jsutromso.org\/index.php?rest_route=\/wp\/v2\/types\/page"}],"author":[{"embeddable":true,"href":"https:\/\/jsutromso.org\/index.php?rest_route=\/wp\/v2\/users\/6"}],"replies":[{"embeddable":true,"href":"https:\/\/jsutromso.org\/index.php?rest_route=%2Fwp%2Fv2%2Fcomments&post=2270"}],"version-history":[{"count":3,"href":"https:\/\/jsutromso.org\/index.php?rest_route=\/wp\/v2\/pages\/2270\/revisions"}],"predecessor-version":[{"id":2358,"href":"https:\/\/jsutromso.org\/index.php?rest_route=\/wp\/v2\/pages\/2270\/revisions\/2358"}],"wp:attachment":[{"href":"https:\/\/jsutromso.org\/index.php?rest_route=%2Fwp%2Fv2%2Fmedia&parent=2270"}],"curies":[{"name":"wp","href":"https:\/\/api.w.org\/{rel}","templated":true}]}}