{"id":211,"date":"2014-03-07T08:14:56","date_gmt":"2014-03-07T08:14:56","guid":{"rendered":"http:\/\/jsutromso.org\/?page_id=211"},"modified":"2026-05-02T11:26:53","modified_gmt":"2026-05-02T11:26:53","slug":"jsu-vedtekter","status":"publish","type":"page","link":"https:\/\/jsutromso.org\/?page_id=211","title":{"rendered":"S\u00f8knad om kontorplass sommeren 2026"},"content":{"rendered":"\n<p>Fristen for \u00e5 s\u00f8ke om kontorplass er <strong>12. mai 2026, kl. <\/strong><strong>12.00<\/strong>.<br>Alle s\u00f8knader m\u00e5 leveres gjennom v\u00e5rt digitale s\u00f8knadsskjema.<\/p>\n\n\n\n<p>The application deadline for office spaces is <strong>the 12th<\/strong> <strong>of May 2026 at 12.00.<\/strong><br>All applications must be submitted through our online form.<\/p>\n\n\n\n<p><a href=\"https:\/\/nettskjema.no\/a\/615586\">https:\/\/nettskjema.no\/a\/615586<\/a><\/p>\n\n\n\n<p><strong>Vilk\u00e5r<\/strong><br>Jeg bekrefter at informasjonen ovenfor er korrekt og er innforst\u00e5tt med at s\u00f8knaden ikke kan endres etter at den er sendt. Jeg har lest og akseptert <a href=\"http:\/\/jsutromso.org\/wp-content\/uploads\/2023\/07\/Kontorreglement-9.-januar-2023-2.pdf\"><em>\u00abReglement for faste lesesalsplasser for studenter p\u00e5 masterstudiet i rettsvitenskap\u00bb<\/em><\/a>.<\/p>\n\n\n\n<p>S\u00f8knader som mottas etter utl\u00f8pet av s\u00f8knadsfristen vil kun behandles dersom det er kontorplasser til overs.<br>Tildelingen og administreringen av kontorplasser gj\u00f8res av Juridisk Studentutvalg Troms\u00f8.<br>Avgj\u00f8relser kan ikke p\u00e5klages.<\/p>\n\n\n\n<p><strong>Terms<\/strong><br>I confirm that the information given in this form is true complete and accurate. I understand that the information cannot be changed after the time of submitting this form. I have read and accepted <a href=\"http:\/\/jsutromso.org\/wp-content\/uploads\/2020\/05\/Reglement-lesesalsplass-.pdf\"><em>\u00abReglement for faste lesesalsplasser for studenter p\u00e5 masterstudiet i rettsvitenskap\u00bb<\/em><\/a>.<\/p>\n\n\n\n<p>Applications received after the application deadline will only be considered if there are spaces remaining.<br>The allocation and administration of office spaces is done by Juridisk Studentuvalg Troms\u00f8.<br>Decisions cannot be appealed.<\/p>\n","protected":false},"excerpt":{"rendered":"<p>Fristen for \u00e5 s\u00f8ke om kontorplass er 12. mai 2026, kl. 12.00.Alle s\u00f8knader m\u00e5 leveres gjennom v\u00e5rt digitale s\u00f8knadsskjema. The application deadline for office spaces is the 12th of May 2026 at 12.00.All applications must be submitted through our online form. https:\/\/nettskjema.no\/a\/615586 Vilk\u00e5rJeg bekrefter at informasjonen ovenfor er korrekt og er innforst\u00e5tt med at s\u00f8knaden [&hellip;]<\/p>\n","protected":false},"author":6,"featured_media":0,"parent":0,"menu_order":0,"comment_status":"closed","ping_status":"closed","template":"","meta":{"_acf_changed":false,"footnotes":""},"class_list":["post-211","page","type-page","status-publish","hentry"],"acf":[],"_links":{"self":[{"href":"https:\/\/jsutromso.org\/index.php?rest_route=\/wp\/v2\/pages\/211","targetHints":{"allow":["GET"]}}],"collection":[{"href":"https:\/\/jsutromso.org\/index.php?rest_route=\/wp\/v2\/pages"}],"about":[{"href":"https:\/\/jsutromso.org\/index.php?rest_route=\/wp\/v2\/types\/page"}],"author":[{"embeddable":true,"href":"https:\/\/jsutromso.org\/index.php?rest_route=\/wp\/v2\/users\/6"}],"replies":[{"embeddable":true,"href":"https:\/\/jsutromso.org\/index.php?rest_route=%2Fwp%2Fv2%2Fcomments&post=211"}],"version-history":[{"count":36,"href":"https:\/\/jsutromso.org\/index.php?rest_route=\/wp\/v2\/pages\/211\/revisions"}],"predecessor-version":[{"id":2423,"href":"https:\/\/jsutromso.org\/index.php?rest_route=\/wp\/v2\/pages\/211\/revisions\/2423"}],"wp:attachment":[{"href":"https:\/\/jsutromso.org\/index.php?rest_route=%2Fwp%2Fv2%2Fmedia&parent=211"}],"curies":[{"name":"wp","href":"https:\/\/api.w.org\/{rel}","templated":true}]}}