{"id":953,"date":"2018-02-11T13:44:35","date_gmt":"2018-02-11T13:44:35","guid":{"rendered":"http:\/\/jsutromso.org\/?page_id=953"},"modified":"2018-03-04T19:55:00","modified_gmt":"2018-03-04T19:55:00","slug":"aktuelt","status":"publish","type":"page","link":"http:\/\/jsutromso.org\/?page_id=953","title":{"rendered":"Aktuelt"},"content":{"rendered":"<div id=\"pl-953\"  class=\"panel-layout\" ><div id=\"pg-953-0\"  class=\"panel-grid panel-has-style\" ><div style=\"padding: 100px 0; \" data-overlay=\"true\" data-overlay-color=\"#000000\" class=\"panel-row-style panel-row-style-for-953-0\" ><div id=\"pgc-953-0-0\"  class=\"panel-grid-cell\" ><div id=\"panel-953-0-0-0\" class=\"so-panel widget widget_sow-post-carousel panel-first-child panel-last-child\" data-index=\"0\" ><div style=\"text-align: left;\" data-title-color=\"#47425d\" data-headings-color=\"#443f3f\" data-title_alignment=\"center\" class=\"panel-widget-style panel-widget-style-for-953-0-0-0\" ><div\n\t\t\t\n\t\t\tclass=\"so-widget-sow-post-carousel so-widget-sow-post-carousel-base-ad93eedad001-953\"\n\t\t\t\n\t\t>\t<div\n\t\tclass=\"sow-post-carousel-wrapper sow-post-carousel-theme-base\"\n\t\tstyle=\"overflow: hidden; max-width: 100%; min-height: 182px\"\n\t>\n\t\t<div class=\"sow-carousel-title\">\n\t\t\t<div class=\"sow-carousel-navigation \">\n\t\t\t\t\t\t<a href=\"#\" class=\"sow-carousel-next\" title=\"Next\" aria-label=\"Next Posts\" role=\"button\"><\/a>\n\t\t\t\t\t\t<a href=\"#\" class=\"sow-carousel-previous\" title=\"Previous\" aria-label=\"Previous Posts\" role=\"button\"><\/a>\n\t\t\t\t\t<\/div>\n\t<\/div>\n\n<div class=\"sow-carousel-container \">\n\t\t<div class=\"sow-carousel-wrapper\"\n\t\tdata-dir=\"ltr\"\n\t\tstyle=\"opacity: 0;\"\n\t\tdata-widget=\"post\" data-fetching=\"false\" data-page=\"1\" data-ajax-url=\"http:\/\/jsutromso.org\/wp-admin\/admin-ajax.php?_widgets_nonce=4d6dcc5b52\" data-item_count=\"51\" data-carousel_settings=\"{&quot;loop&quot;:true,&quot;animation&quot;:&quot;Ease&quot;,&quot;animation_speed&quot;:400,&quot;autoplay&quot;:&quot;&quot;,&quot;pauseOnHover&quot;:&quot;&quot;,&quot;autoplaySpeed&quot;:8000,&quot;item_overflow&quot;:true,&quot;autoplay_continuous_scroll&quot;:false}\" data-responsive=\"{&quot;desktop_slides_to_scroll&quot;:1,&quot;tablet_landscape_breakpoint&quot;:1366,&quot;tablet_landscape_slides_to_scroll&quot;:2,&quot;tablet_portrait_breakpoint&quot;:1025,&quot;tablet_portrait_slides_to_scroll&quot;:2,&quot;mobile_breakpoint&quot;:480,&quot;mobile_slides_to_scroll&quot;:1}\" data-variable_width=\"true\" \t>\n\t\t<div\n\t\t\tclass=\"sow-carousel-items\"\n\t\t\t\t\t>\n\t\t\t\t<div class=\"sow-carousel-item\" tabindex=\"-1\" style=\"float: left;\">\n\t\t<div class=\"sow-carousel-thumbnail\">\n\t\t\t\t\t\t\t<a\n\t\t\t\t\thref=\"http:\/\/jsutromso.org\/?p=2046\"\n\t\t\t\t\t\t\t\t\t\tstyle=\"background-image: url( http:\/\/jsutromso.org\/wp-content\/uploads\/2023\/07\/Skjermbilde-2023-07-30-140313-272x182.png )\"\n\t\t\t\t\taria-labelledby=\"sow-carousel-id-2046\"\n\t\t\t\t\ttabindex=\"-1\"\n\t\t\t\t>\n\t\t\t\t\t<span class=\"overlay\"><\/span>\n\t\t\t\t<\/a>\n\t\t\t\t\t<\/div>\n\t\t<h3 class=\"sow-carousel-item-title\">\n\t\t\t<a\n\t\t\t\thref=\"http:\/\/jsutromso.org\/?p=2046\"\n\t\t\t\tid=\"sow-carousel-id-2046\"\n\t\t\t\t\t\t\t\ttabindex=\"-1\"\n\t\t\t>\n\n\t\t\t\tEndring av sammensetningen av oppgaveutvalg\t\t\t<\/a>\n\t\t<\/h3>\n\t<\/div>\n\t\t<div class=\"sow-carousel-item\" tabindex=\"-1\" style=\"float: left;\">\n\t\t<div class=\"sow-carousel-thumbnail\">\n\t\t\t\t\t\t\t<a\n\t\t\t\t\thref=\"http:\/\/jsutromso.org\/?p=2035\"\n\t\t\t\t\t\t\t\t\t\tstyle=\"background-image: url( http:\/\/jsutromso.org\/wp-content\/uploads\/2023\/07\/Skjermbilde-2023-07-30-131428-272x182.png )\"\n\t\t\t\t\taria-labelledby=\"sow-carousel-id-2035\"\n\t\t\t\t\ttabindex=\"-1\"\n\t\t\t\t>\n\t\t\t\t\t<span class=\"overlay\"><\/span>\n\t\t\t\t<\/a>\n\t\t\t\t\t<\/div>\n\t\t<h3 class=\"sow-carousel-item-title\">\n\t\t\t<a\n\t\t\t\thref=\"http:\/\/jsutromso.org\/?p=2035\"\n\t\t\t\tid=\"sow-carousel-id-2035\"\n\t\t\t\t\t\t\t\ttabindex=\"-1\"\n\t\t\t>\n\n\t\t\t\tOppdatert reglement for faste arbeidsplasser\t\t\t<\/a>\n\t\t<\/h3>\n\t<\/div>\n\t\t<div class=\"sow-carousel-item\" tabindex=\"-1\" style=\"float: left;\">\n\t\t<div class=\"sow-carousel-thumbnail\">\n\t\t\t\t\t\t\t<a\n\t\t\t\t\thref=\"http:\/\/jsutromso.org\/?p=1278\"\n\t\t\t\t\t\t\t\t\t\tstyle=\"background-image: url( http:\/\/jsutromso.org\/wp-content\/uploads\/2018\/04\/Oppdatert-reglement-272x182.png )\"\n\t\t\t\t\taria-labelledby=\"sow-carousel-id-1278\"\n\t\t\t\t\ttabindex=\"-1\"\n\t\t\t\t>\n\t\t\t\t\t<span class=\"overlay\"><\/span>\n\t\t\t\t<\/a>\n\t\t\t\t\t<\/div>\n\t\t<h3 class=\"sow-carousel-item-title\">\n\t\t\t<a\n\t\t\t\thref=\"http:\/\/jsutromso.org\/?p=1278\"\n\t\t\t\tid=\"sow-carousel-id-1278\"\n\t\t\t\t\t\t\t\ttabindex=\"-1\"\n\t\t\t>\n\n\t\t\t\tOppdatert reglement for bruk av kj\u00f8kkenkroken\t\t\t<\/a>\n\t\t<\/h3>\n\t<\/div>\n\t\t<div class=\"sow-carousel-item\" tabindex=\"-1\" style=\"float: left;\">\n\t\t<div class=\"sow-carousel-thumbnail\">\n\t\t\t\t\t\t\t<a\n\t\t\t\t\thref=\"http:\/\/jsutromso.org\/?p=912\"\n\t\t\t\t\t\t\t\t\t\tstyle=\"background-image: url( http:\/\/jsutromso.org\/wp-content\/uploads\/2017\/08\/21106717_1507280105999524_255829977662246190_n.jpg )\"\n\t\t\t\t\taria-labelledby=\"sow-carousel-id-912\"\n\t\t\t\t\ttabindex=\"-1\"\n\t\t\t\t>\n\t\t\t\t\t<span class=\"overlay\"><\/span>\n\t\t\t\t<\/a>\n\t\t\t\t\t<\/div>\n\t\t<h3 class=\"sow-carousel-item-title\">\n\t\t\t<a\n\t\t\t\thref=\"http:\/\/jsutromso.org\/?p=912\"\n\t\t\t\tid=\"sow-carousel-id-912\"\n\t\t\t\t\t\t\t\ttabindex=\"-1\"\n\t\t\t>\n\n\t\t\t\tJSU har avholdt semesterets f\u00f8rste styrem\u00f8te!\t\t\t<\/a>\n\t\t<\/h3>\n\t<\/div>\n\t\t<div class=\"sow-carousel-item\" tabindex=\"-1\" style=\"float: left;\">\n\t\t<div class=\"sow-carousel-thumbnail\">\n\t\t\t\t\t\t\t<a\n\t\t\t\t\thref=\"http:\/\/jsutromso.org\/?p=905\"\n\t\t\t\t\t\t\t\t\t\tstyle=\"background-image: url( http:\/\/jsutromso.org\/wp-content\/uploads\/2017\/07\/19399672_1443996325661236_3175048912974396193_n.png )\"\n\t\t\t\t\taria-labelledby=\"sow-carousel-id-905\"\n\t\t\t\t\ttabindex=\"-1\"\n\t\t\t\t>\n\t\t\t\t\t<span class=\"overlay\"><\/span>\n\t\t\t\t<\/a>\n\t\t\t\t\t<\/div>\n\t\t<h3 class=\"sow-carousel-item-title\">\n\t\t\t<a\n\t\t\t\thref=\"http:\/\/jsutromso.org\/?p=905\"\n\t\t\t\tid=\"sow-carousel-id-905\"\n\t\t\t\t\t\t\t\ttabindex=\"-1\"\n\t\t\t>\n\n\t\t\t\tFaglig organisering av UiT &#8211; Det juridiske fakultet best\u00e5r\t\t\t<\/a>\n\t\t<\/h3>\n\t<\/div>\n\t\t<div class=\"sow-carousel-item\" tabindex=\"-1\" style=\"float: left;\">\n\t\t<div class=\"sow-carousel-thumbnail\">\n\t\t\t\t\t\t\t<a\n\t\t\t\t\thref=\"http:\/\/jsutromso.org\/?p=896\"\n\t\t\t\t\t\t\t\t\t\tstyle=\"background-image: url( http:\/\/jsutromso.org\/wp-content\/uploads\/2017\/06\/chairs-1814602-272x182.jpg )\"\n\t\t\t\t\taria-labelledby=\"sow-carousel-id-896\"\n\t\t\t\t\ttabindex=\"-1\"\n\t\t\t\t>\n\t\t\t\t\t<span class=\"overlay\"><\/span>\n\t\t\t\t<\/a>\n\t\t\t\t\t<\/div>\n\t\t<h3 class=\"sow-carousel-item-title\">\n\t\t\t<a\n\t\t\t\thref=\"http:\/\/jsutromso.org\/?p=896\"\n\t\t\t\tid=\"sow-carousel-id-896\"\n\t\t\t\t\t\t\t\ttabindex=\"-1\"\n\t\t\t>\n\n\t\t\t\tRevidert reglement for faste lesesalsplasser\t\t\t<\/a>\n\t\t<\/h3>\n\t<\/div>\n\t\t<div class=\"sow-carousel-item\" tabindex=\"-1\" style=\"float: left;\">\n\t\t<div class=\"sow-carousel-thumbnail\">\n\t\t\t\t\t\t\t<a\n\t\t\t\t\thref=\"http:\/\/jsutromso.org\/?p=869\"\n\t\t\t\t\t\t\t\t\t\tstyle=\"background-image: url( http:\/\/jsutromso.org\/wp-content\/uploads\/2017\/03\/laptop-2567809-272x182.jpg )\"\n\t\t\t\t\taria-labelledby=\"sow-carousel-id-869\"\n\t\t\t\t\ttabindex=\"-1\"\n\t\t\t\t>\n\t\t\t\t\t<span class=\"overlay\"><\/span>\n\t\t\t\t<\/a>\n\t\t\t\t\t<\/div>\n\t\t<h3 class=\"sow-carousel-item-title\">\n\t\t\t<a\n\t\t\t\thref=\"http:\/\/jsutromso.org\/?p=869\"\n\t\t\t\tid=\"sow-carousel-id-869\"\n\t\t\t\t\t\t\t\ttabindex=\"-1\"\n\t\t\t>\n\n\t\t\t\tDagsorden allm\u00f8te v\u00e5r 2017\t\t\t<\/a>\n\t\t<\/h3>\n\t<\/div>\n\t\t<div class=\"sow-carousel-item\" tabindex=\"-1\" style=\"float: left;\">\n\t\t<div class=\"sow-carousel-thumbnail\">\n\t\t\t\t\t\t\t<a\n\t\t\t\t\thref=\"http:\/\/jsutromso.org\/?p=867\"\n\t\t\t\t\tclass=\"sow-carousel-default-thumbnail\"\n\t\t\t\t\t\t\t\t\t\t\t\t\t\t\taria-labelledby=\"sow-carousel-id-867\"\n\t\t\t\t\ttabindex=\"-1\"\n\t\t\t\t>\n\t\t\t\t\t<span class=\"overlay\"><\/span>\n\t\t\t\t<\/a>\n\t\t\t\t\t<\/div>\n\t\t<h3 class=\"sow-carousel-item-title\">\n\t\t\t<a\n\t\t\t\thref=\"http:\/\/jsutromso.org\/?p=867\"\n\t\t\t\tid=\"sow-carousel-id-867\"\n\t\t\t\t\t\t\t\ttabindex=\"-1\"\n\t\t\t>\n\n\t\t\t\tUttalelse ang\u00e5ende omstruktureringsprosess ved UiT &#8211; Norges arktiske universitet\t\t\t<\/a>\n\t\t<\/h3>\n\t<\/div>\n\t\t<div class=\"sow-carousel-item\" tabindex=\"-1\" style=\"float: left;\">\n\t\t<div class=\"sow-carousel-thumbnail\">\n\t\t\t\t\t\t\t<a\n\t\t\t\t\thref=\"http:\/\/jsutromso.org\/?p=862\"\n\t\t\t\t\t\t\t\t\t\tstyle=\"background-image: url( http:\/\/jsutromso.org\/wp-content\/uploads\/2017\/02\/books-1845614-272x182.jpg )\"\n\t\t\t\t\taria-labelledby=\"sow-carousel-id-862\"\n\t\t\t\t\ttabindex=\"-1\"\n\t\t\t\t>\n\t\t\t\t\t<span class=\"overlay\"><\/span>\n\t\t\t\t<\/a>\n\t\t\t\t\t<\/div>\n\t\t<h3 class=\"sow-carousel-item-title\">\n\t\t\t<a\n\t\t\t\thref=\"http:\/\/jsutromso.org\/?p=862\"\n\t\t\t\tid=\"sow-carousel-id-862\"\n\t\t\t\t\t\t\t\ttabindex=\"-1\"\n\t\t\t>\n\n\t\t\t\tReferat styrem\u00f8te 20.02.17\t\t\t<\/a>\n\t\t<\/h3>\n\t<\/div>\n\t\t<div class=\"sow-carousel-item\" tabindex=\"-1\" style=\"float: left;\">\n\t\t<div class=\"sow-carousel-thumbnail\">\n\t\t\t\t\t\t\t<a\n\t\t\t\t\thref=\"http:\/\/jsutromso.org\/?p=853\"\n\t\t\t\t\tclass=\"sow-carousel-default-thumbnail\"\n\t\t\t\t\t\t\t\t\t\t\t\t\t\t\taria-labelledby=\"sow-carousel-id-853\"\n\t\t\t\t\ttabindex=\"-1\"\n\t\t\t\t>\n\t\t\t\t\t<span class=\"overlay\"><\/span>\n\t\t\t\t<\/a>\n\t\t\t\t\t<\/div>\n\t\t<h3 class=\"sow-carousel-item-title\">\n\t\t\t<a\n\t\t\t\thref=\"http:\/\/jsutromso.org\/?p=853\"\n\t\t\t\tid=\"sow-carousel-id-853\"\n\t\t\t\t\t\t\t\ttabindex=\"-1\"\n\t\t\t>\n\n\t\t\t\tUndervisningsprisen 2016\t\t\t<\/a>\n\t\t<\/h3>\n\t<\/div>\n\t\t\t<\/div>\n\t\t\t<\/div>\n\n\t<\/div>\n\t\t<input type=\"hidden\" name=\"instance_hash\" value=\"57981ff5\"\/>\n\t<\/div>\n<\/div><\/div><\/div><\/div><\/div><\/div><\/div>","protected":false},"excerpt":{"rendered":"<p>Endring av sammensetningen av oppgaveutvalg Oppdatert reglement for faste arbeidsplasser Oppdatert reglement for bruk av kj\u00f8kkenkroken JSU har avholdt semesterets f\u00f8rste styrem\u00f8te! Faglig organisering av UiT &#8211; Det juridiske fakultet best\u00e5r Revidert reglement for faste lesesalsplasser Dagsorden allm\u00f8te v\u00e5r 2017 Uttalelse ang\u00e5ende omstruktureringsprosess ved UiT &#8211; Norges arktiske universitet Referat styrem\u00f8te 20.02.17 Undervisningsprisen 2016<\/p>\n","protected":false},"author":1,"featured_media":0,"parent":0,"menu_order":3000,"comment_status":"closed","ping_status":"closed","template":"","meta":{"_acf_changed":false,"footnotes":""},"class_list":["post-953","page","type-page","status-publish","hentry"],"acf":[],"_links":{"self":[{"href":"http:\/\/jsutromso.org\/index.php?rest_route=\/wp\/v2\/pages\/953","targetHints":{"allow":["GET"]}}],"collection":[{"href":"http:\/\/jsutromso.org\/index.php?rest_route=\/wp\/v2\/pages"}],"about":[{"href":"http:\/\/jsutromso.org\/index.php?rest_route=\/wp\/v2\/types\/page"}],"author":[{"embeddable":true,"href":"http:\/\/jsutromso.org\/index.php?rest_route=\/wp\/v2\/users\/1"}],"replies":[{"embeddable":true,"href":"http:\/\/jsutromso.org\/index.php?rest_route=%2Fwp%2Fv2%2Fcomments&post=953"}],"version-history":[{"count":6,"href":"http:\/\/jsutromso.org\/index.php?rest_route=\/wp\/v2\/pages\/953\/revisions"}],"predecessor-version":[{"id":1264,"href":"http:\/\/jsutromso.org\/index.php?rest_route=\/wp\/v2\/pages\/953\/revisions\/1264"}],"wp:attachment":[{"href":"http:\/\/jsutromso.org\/index.php?rest_route=%2Fwp%2Fv2%2Fmedia&parent=953"}],"curies":[{"name":"wp","href":"https:\/\/api.w.org\/{rel}","templated":true}]}}