{"id":2379,"date":"2026-01-08T19:19:35","date_gmt":"2026-01-08T19:19:35","guid":{"rendered":"https:\/\/jsutromso.org\/?page_id=2379"},"modified":"2026-03-02T19:30:09","modified_gmt":"2026-03-02T19:30:09","slug":"styremotereferat-2026","status":"publish","type":"page","link":"http:\/\/jsutromso.org\/?page_id=2379","title":{"rendered":"Styrem\u00f8tereferat 2026"},"content":{"rendered":"<p><a href=\"http:\/\/jsutromso.org\/wp-content\/uploads\/2026\/01\/Styremote-08.01.26.pdf\">M\u00f8tereferat 08.01.26<\/a><\/p>\n\n\n<p><a href=\"http:\/\/jsutromso.org\/wp-content\/uploads\/2026\/02\/Styremotereferat-03.02.26-.pdf\" data-type=\"link\" data-id=\"http:\/\/jsutromso.org\/wp-content\/uploads\/2026\/02\/Styremotereferat-03.02.26-.pdf\">M\u00f8tereferat 03.02.26<\/a><\/p>\n\n\n\n<p><a href=\"http:\/\/jsutromso.org\/wp-content\/uploads\/2026\/03\/Styremotereferat-02.03.2026.pdf\">M\u00f8tereferat 02.03.26<\/a><\/p>\n\n\n\n<p><\/p>\n","protected":false},"excerpt":{"rendered":"<p>M\u00f8tereferat 08.01.26 M\u00f8tereferat 03.02.26 M\u00f8tereferat 02.03.26<\/p>\n","protected":false},"author":6,"featured_media":0,"parent":969,"menu_order":0,"comment_status":"closed","ping_status":"closed","template":"","meta":{"_acf_changed":false,"footnotes":""},"class_list":["post-2379","page","type-page","status-publish","hentry"],"acf":[],"_links":{"self":[{"href":"http:\/\/jsutromso.org\/index.php?rest_route=\/wp\/v2\/pages\/2379","targetHints":{"allow":["GET"]}}],"collection":[{"href":"http:\/\/jsutromso.org\/index.php?rest_route=\/wp\/v2\/pages"}],"about":[{"href":"http:\/\/jsutromso.org\/index.php?rest_route=\/wp\/v2\/types\/page"}],"author":[{"embeddable":true,"href":"http:\/\/jsutromso.org\/index.php?rest_route=\/wp\/v2\/users\/6"}],"replies":[{"embeddable":true,"href":"http:\/\/jsutromso.org\/index.php?rest_route=%2Fwp%2Fv2%2Fcomments&post=2379"}],"version-history":[{"count":6,"href":"http:\/\/jsutromso.org\/index.php?rest_route=\/wp\/v2\/pages\/2379\/revisions"}],"predecessor-version":[{"id":2405,"href":"http:\/\/jsutromso.org\/index.php?rest_route=\/wp\/v2\/pages\/2379\/revisions\/2405"}],"up":[{"embeddable":true,"href":"http:\/\/jsutromso.org\/index.php?rest_route=\/wp\/v2\/pages\/969"}],"wp:attachment":[{"href":"http:\/\/jsutromso.org\/index.php?rest_route=%2Fwp%2Fv2%2Fmedia&parent=2379"}],"curies":[{"name":"wp","href":"https:\/\/api.w.org\/{rel}","templated":true}]}}