{"id":2265,"date":"2025-02-03T15:29:22","date_gmt":"2025-02-03T15:29:22","guid":{"rendered":"http:\/\/jsutromso.org\/?page_id=2265"},"modified":"2026-01-08T19:10:33","modified_gmt":"2026-01-08T19:10:33","slug":"styremotereferat-2025","status":"publish","type":"page","link":"http:\/\/jsutromso.org\/?page_id=2265","title":{"rendered":"Styrem\u00f8tereferat 2025"},"content":{"rendered":"\n<p><a href=\"http:\/\/jsutromso.org\/wp-content\/uploads\/2025\/02\/Motereferat-10.01.pdf\" data-type=\"link\" data-id=\"http:\/\/jsutromso.org\/wp-content\/uploads\/2025\/02\/Motereferat-10.01.pdf\">M\u00f8tereferat 10.01.2025<\/a><\/p>\n\n\n\n<p><a href=\"http:\/\/jsutromso.org\/wp-content\/uploads\/2025\/02\/Motereferat-18.02.pdf\" data-type=\"link\" data-id=\"http:\/\/jsutromso.org\/wp-content\/uploads\/2025\/02\/Motereferat-18.02.pdf\">M\u00f8tereferat 18.02.2025<\/a><\/p>\n\n\n\n<p><a href=\"http:\/\/jsutromso.org\/wp-content\/uploads\/2025\/03\/Motereferat-03.03.35.pdf\" data-type=\"link\" data-id=\"http:\/\/jsutromso.org\/wp-content\/uploads\/2025\/03\/Motereferat-03.03.35.pdf\">M\u00f8tereferat 03.03.2025<\/a><\/p>\n\n\n\n<p><a href=\"http:\/\/jsutromso.org\/wp-content\/uploads\/2025\/04\/Motereferat-01.04.05.pdf\" data-type=\"link\" data-id=\"http:\/\/jsutromso.org\/wp-content\/uploads\/2025\/04\/Motereferat-01.04.05.pdf\">M\u00f8tereferat 01.04.2025<\/a><\/p>\n\n\n\n<p><a href=\"http:\/\/jsutromso.org\/wp-content\/uploads\/2025\/04\/Motereferat-29.04.25.pdf\" data-type=\"link\" data-id=\"http:\/\/jsutromso.org\/wp-content\/uploads\/2025\/04\/Motereferat-29.04.25.pdf\">M\u00f8tereferat 29.04.2025<\/a><\/p>\n\n\n\n<p><a href=\"http:\/\/jsutromso.org\/wp-content\/uploads\/2025\/08\/Motereferat-Styremote-JSU-10.08.25.pdf\" data-type=\"link\" data-id=\"http:\/\/jsutromso.org\/wp-content\/uploads\/2025\/08\/Motereferat-Styremote-JSU-10.08.25.pdf\">M\u00f8tereferat 10.08.2025<\/a><\/p>\n\n\n\n<p><a href=\"http:\/\/jsutromso.org\/wp-content\/uploads\/2025\/09\/Styremotereferat-01.09.25.pdf\" data-type=\"link\" data-id=\"http:\/\/jsutromso.org\/wp-content\/uploads\/2025\/09\/Styremotereferat-01.09.25.pdf\">M\u00f8tereferat 01.09.2025<\/a><\/p>\n\n\n\n<p><a href=\"http:\/\/jsutromso.org\/wp-content\/uploads\/2025\/09\/Motereferat-30.09.25.pdf\" data-type=\"link\" data-id=\"http:\/\/jsutromso.org\/wp-content\/uploads\/2025\/09\/Motereferat-30.09.25.pdf\">M\u00f8tereferat 30.09.2025<\/a><\/p>\n\n\n\n<p><a href=\"http:\/\/jsutromso.org\/wp-content\/uploads\/2025\/11\/Styremotereferat-04.11.25.pdf\" data-type=\"link\" data-id=\"http:\/\/jsutromso.org\/wp-content\/uploads\/2025\/11\/Styremotereferat-04.11.25.pdf\">M\u00f8tereferat 04.11.2025<\/a><\/p>\n\n\n\n<p><a href=\"http:\/\/jsutromso.org\/wp-content\/uploads\/2025\/12\/Referat-fra-styremote-02.12.25.pdf\" data-type=\"link\" data-id=\"http:\/\/jsutromso.org\/wp-content\/uploads\/2025\/12\/Referat-fra-styremote-02.12.25.pdf\">M\u00f8tereferat 02.12.2025<\/a><\/p>\n\n\n\n<p><\/p>\n","protected":false},"excerpt":{"rendered":"<p>M\u00f8tereferat 10.01.2025 M\u00f8tereferat 18.02.2025 M\u00f8tereferat 03.03.2025 M\u00f8tereferat 01.04.2025 M\u00f8tereferat 29.04.2025 M\u00f8tereferat 10.08.2025 M\u00f8tereferat 01.09.2025 M\u00f8tereferat 30.09.2025 M\u00f8tereferat 04.11.2025 M\u00f8tereferat 02.12.2025<\/p>\n","protected":false},"author":6,"featured_media":0,"parent":0,"menu_order":0,"comment_status":"closed","ping_status":"closed","template":"","meta":{"_acf_changed":false,"footnotes":""},"class_list":["post-2265","page","type-page","status-publish","hentry"],"acf":[],"_links":{"self":[{"href":"http:\/\/jsutromso.org\/index.php?rest_route=\/wp\/v2\/pages\/2265","targetHints":{"allow":["GET"]}}],"collection":[{"href":"http:\/\/jsutromso.org\/index.php?rest_route=\/wp\/v2\/pages"}],"about":[{"href":"http:\/\/jsutromso.org\/index.php?rest_route=\/wp\/v2\/types\/page"}],"author":[{"embeddable":true,"href":"http:\/\/jsutromso.org\/index.php?rest_route=\/wp\/v2\/users\/6"}],"replies":[{"embeddable":true,"href":"http:\/\/jsutromso.org\/index.php?rest_route=%2Fwp%2Fv2%2Fcomments&post=2265"}],"version-history":[{"count":17,"href":"http:\/\/jsutromso.org\/index.php?rest_route=\/wp\/v2\/pages\/2265\/revisions"}],"predecessor-version":[{"id":2378,"href":"http:\/\/jsutromso.org\/index.php?rest_route=\/wp\/v2\/pages\/2265\/revisions\/2378"}],"wp:attachment":[{"href":"http:\/\/jsutromso.org\/index.php?rest_route=%2Fwp%2Fv2%2Fmedia&parent=2265"}],"curies":[{"name":"wp","href":"https:\/\/api.w.org\/{rel}","templated":true}]}}