{"id":1315,"date":"2018-08-25T15:03:02","date_gmt":"2018-08-25T15:03:02","guid":{"rendered":"http:\/\/jsutromso.org\/?page_id=1315"},"modified":"2019-05-28T19:32:06","modified_gmt":"2019-05-28T19:32:06","slug":"allmotereferat-2018","status":"publish","type":"page","link":"http:\/\/jsutromso.org\/?page_id=1315","title":{"rendered":"Allm\u00f8tereferat \u2013 2018"},"content":{"rendered":"<p><a href=\"http:\/\/jsutromso.org\/wp-content\/uploads\/2018\/08\/Protokoll-Allm\u00f8tet-va\u030ar-18.pdf\">Referat Allm\u00f8te v\u00e5r 2018<\/a><\/p>\n<p><a href=\"http:\/\/jsutromso.org\/wp-content\/uploads\/2019\/05\/H\u00f8st-2018.pdf\">Referat Allm\u00f8te h\u00f8st 18<\/a><\/p>\n","protected":false},"excerpt":{"rendered":"<p>Referat Allm\u00f8te v\u00e5r 2018 Referat Allm\u00f8te h\u00f8st 18<\/p>\n","protected":false},"author":1,"featured_media":0,"parent":0,"menu_order":4201,"comment_status":"closed","ping_status":"closed","template":"","meta":{"_acf_changed":false,"footnotes":""},"class_list":["post-1315","page","type-page","status-publish","hentry"],"acf":[],"_links":{"self":[{"href":"http:\/\/jsutromso.org\/index.php?rest_route=\/wp\/v2\/pages\/1315","targetHints":{"allow":["GET"]}}],"collection":[{"href":"http:\/\/jsutromso.org\/index.php?rest_route=\/wp\/v2\/pages"}],"about":[{"href":"http:\/\/jsutromso.org\/index.php?rest_route=\/wp\/v2\/types\/page"}],"author":[{"embeddable":true,"href":"http:\/\/jsutromso.org\/index.php?rest_route=\/wp\/v2\/users\/1"}],"replies":[{"embeddable":true,"href":"http:\/\/jsutromso.org\/index.php?rest_route=%2Fwp%2Fv2%2Fcomments&post=1315"}],"version-history":[{"count":4,"href":"http:\/\/jsutromso.org\/index.php?rest_route=\/wp\/v2\/pages\/1315\/revisions"}],"predecessor-version":[{"id":1409,"href":"http:\/\/jsutromso.org\/index.php?rest_route=\/wp\/v2\/pages\/1315\/revisions\/1409"}],"wp:attachment":[{"href":"http:\/\/jsutromso.org\/index.php?rest_route=%2Fwp%2Fv2%2Fmedia&parent=1315"}],"curies":[{"name":"wp","href":"https:\/\/api.w.org\/{rel}","templated":true}]}}