{"id":1159,"date":"2018-02-11T22:14:09","date_gmt":"2018-02-11T22:14:09","guid":{"rendered":"http:\/\/jsutromso.org\/?page_id=1159"},"modified":"2019-05-28T19:32:35","modified_gmt":"2019-05-28T19:32:35","slug":"allmotereferat-2017","status":"publish","type":"page","link":"http:\/\/jsutromso.org\/?page_id=1159","title":{"rendered":"Allm\u00f8tereferat &#8211; 2017"},"content":{"rendered":"<div id=\"pl-1159\"  class=\"panel-layout\" ><div id=\"pg-1159-0\"  class=\"panel-grid panel-has-style\" ><div style=\"padding: 100px 0; \" data-overlay=\"true\" class=\"panel-row-style panel-row-style-for-1159-0\" ><div id=\"pgc-1159-0-0\"  class=\"panel-grid-cell\" ><div id=\"panel-1159-0-0-0\" class=\"so-panel widget widget_sow-editor panel-first-child panel-last-child\" data-index=\"0\" ><div style=\"text-align: left;\" data-title-color=\"#47425d\" data-headings-color=\"#443f3f\" data-title_alignment=\"center\" class=\"panel-widget-style panel-widget-style-for-1159-0-0-0\" ><div\n\t\t\t\n\t\t\tclass=\"so-widget-sow-editor so-widget-sow-editor-base\"\n\t\t\t\n\t\t>\n<div class=\"siteorigin-widget-tinymce textwidget\">\n\t<p><a href=\"http:\/\/jsutromso.org\/wp-content\/uploads\/2017\/06\/Scanned-from-a-Xerox-Multifunction-Device.pdf\">Referat Allm\u00f8te v\u00e5r 17<\/a><\/p>\n<p><a href=\"http:\/\/jsutromso.org\/wp-content\/uploads\/2019\/05\/Allm\u00f8te-2017.pdf\">Referat Allm\u00f8te h\u00f8st 17<\/a><\/p>\n<\/div>\n<\/div><\/div><\/div><\/div><\/div><\/div><\/div>","protected":false},"excerpt":{"rendered":"<p>Referat Allm\u00f8te v\u00e5r 17 Referat Allm\u00f8te h\u00f8st 17<\/p>\n","protected":false},"author":1,"featured_media":0,"parent":0,"menu_order":4202,"comment_status":"closed","ping_status":"closed","template":"","meta":{"_acf_changed":false,"footnotes":""},"class_list":["post-1159","page","type-page","status-publish","hentry"],"acf":[],"_links":{"self":[{"href":"http:\/\/jsutromso.org\/index.php?rest_route=\/wp\/v2\/pages\/1159","targetHints":{"allow":["GET"]}}],"collection":[{"href":"http:\/\/jsutromso.org\/index.php?rest_route=\/wp\/v2\/pages"}],"about":[{"href":"http:\/\/jsutromso.org\/index.php?rest_route=\/wp\/v2\/types\/page"}],"author":[{"embeddable":true,"href":"http:\/\/jsutromso.org\/index.php?rest_route=\/wp\/v2\/users\/1"}],"replies":[{"embeddable":true,"href":"http:\/\/jsutromso.org\/index.php?rest_route=%2Fwp%2Fv2%2Fcomments&post=1159"}],"version-history":[{"count":5,"href":"http:\/\/jsutromso.org\/index.php?rest_route=\/wp\/v2\/pages\/1159\/revisions"}],"predecessor-version":[{"id":1410,"href":"http:\/\/jsutromso.org\/index.php?rest_route=\/wp\/v2\/pages\/1159\/revisions\/1410"}],"wp:attachment":[{"href":"http:\/\/jsutromso.org\/index.php?rest_route=%2Fwp%2Fv2%2Fmedia&parent=1159"}],"curies":[{"name":"wp","href":"https:\/\/api.w.org\/{rel}","templated":true}]}}